{"id":82,"date":"2023-12-06T23:11:47","date_gmt":"2023-12-06T23:11:47","guid":{"rendered":"https:\/\/site07.arn1103.uqat.ca\/?page_id=82"},"modified":"2023-12-07T00:50:30","modified_gmt":"2023-12-07T00:50:30","slug":"accueil","status":"publish","type":"page","link":"https:\/\/site07.arn1103.uqat.ca\/","title":{"rendered":"Accueil"},"content":{"rendered":"\n<p>Vous recherchez \u00e0 d\u00e9voiler vos sentiments ? Rappeler de vieux souvenirs \u00e0 un proche avec nostalgie ? Adresser des v\u0153ux de mariage \u00e0 un ami de longue date ? <\/p>\n\n\n\n<p>Quelque soit le contexte ou le pr\u00e9texte, nous sommes l\u00e0 pour vous \u00e9crire une belle lettre ! <\/p>\n\n\n\n<p>En prose ou en vers, vous pourrez choisir ce que vous aimez.<\/p>\n\n\n\n<p>Anonymement ou non, nous saurons nous adapter \u00e0 vous.<\/p>\n\n\n\n<div class=\"wp-block-group is-nowrap is-layout-flex wp-container-core-group-is-layout-6c531013 wp-block-group-is-layout-flex\">\n<figure class=\"wp-block-image size-large\"><img loading=\"lazy\" decoding=\"async\" width=\"683\" height=\"1024\" src=\"https:\/\/site07.arn1103.uqat.ca\/wp-content\/uploads\/2023\/12\/kevs-gSMY1wNNlvY-unsplash-min-683x1024.jpg\" alt=\"\" class=\"wp-image-125\" srcset=\"https:\/\/site07.arn1103.uqat.ca\/wp-content\/uploads\/2023\/12\/kevs-gSMY1wNNlvY-unsplash-min-683x1024.jpg 683w, https:\/\/site07.arn1103.uqat.ca\/wp-content\/uploads\/2023\/12\/kevs-gSMY1wNNlvY-unsplash-min-200x300.jpg 200w, https:\/\/site07.arn1103.uqat.ca\/wp-content\/uploads\/2023\/12\/kevs-gSMY1wNNlvY-unsplash-min-2000x3000.jpg 2000w, https:\/\/site07.arn1103.uqat.ca\/wp-content\/uploads\/2023\/12\/kevs-gSMY1wNNlvY-unsplash-min-scaled.jpg 1707w\" sizes=\"auto, (max-width: 683px) 100vw, 683px\" \/><\/figure>\n<\/div>\n","protected":false},"excerpt":{"rendered":"<p>Vous recherchez \u00e0 d\u00e9voiler vos sentiments ? Rappeler de vieux souvenirs \u00e0 un proche avec nostalgie ? Adresser des v\u0153ux de mariage \u00e0 un ami de longue date ? Quelque soit le contexte ou le pr\u00e9texte, nous sommes l\u00e0 pour vous \u00e9crire une belle lettre ! En prose ou en vers, vous pourrez choisir ce &hellip; <\/p>\n<p class=\"link-more\"><a href=\"https:\/\/site07.arn1103.uqat.ca\/\" class=\"more-link\">Read more<span class=\"screen-reader-text\"> \u00ab\u00a0Accueil\u00a0\u00bb<\/span><\/a><\/p>\n","protected":false},"author":1,"featured_media":0,"parent":0,"menu_order":0,"comment_status":"closed","ping_status":"closed","template":"","meta":{"inspiro_hide_title":false,"footnotes":""},"class_list":["post-82","page","type-page","status-publish","hentry"],"yoast_head":"<!-- This site is optimized with the Yoast SEO plugin v27.6 - https:\/\/yoast.com\/product\/yoast-seo-wordpress\/ -->\n<title>Accueil - Cadeau envelopp\u00e9<\/title>\n<meta name=\"robots\" content=\"index, follow, max-snippet:-1, max-image-preview:large, max-video-preview:-1\" \/>\n<link rel=\"canonical\" href=\"https:\/\/site07.arn1103.uqat.ca\/\" \/>\n<meta property=\"og:locale\" content=\"fr_CA\" \/>\n<meta property=\"og:type\" content=\"article\" \/>\n<meta property=\"og:title\" content=\"Accueil - Cadeau envelopp\u00e9\" \/>\n<meta property=\"og:description\" content=\"Vous recherchez \u00e0 d\u00e9voiler vos sentiments ? Rappeler de vieux souvenirs \u00e0 un proche avec nostalgie ? Adresser des v\u0153ux de mariage \u00e0 un ami de longue date ? Quelque soit le contexte ou le pr\u00e9texte, nous sommes l\u00e0 pour vous \u00e9crire une belle lettre ! En prose ou en vers, vous pourrez choisir ce &hellip; Read more &quot;Accueil&quot;\" \/>\n<meta property=\"og:url\" content=\"https:\/\/site07.arn1103.uqat.ca\/\" \/>\n<meta property=\"og:site_name\" content=\"Cadeau envelopp\u00e9\" \/>\n<meta property=\"article:modified_time\" content=\"2023-12-07T00:50:30+00:00\" \/>\n<meta property=\"og:image\" content=\"https:\/\/site07.arn1103.uqat.ca\/wp-content\/uploads\/2023\/12\/kevs-gSMY1wNNlvY-unsplash-min-683x1024.jpg\" \/>\n<meta name=\"twitter:card\" content=\"summary_large_image\" \/>\n<meta name=\"twitter:label1\" content=\"Estimation du temps de lecture\" \/>\n\t<meta name=\"twitter:data1\" content=\"1 minute\" \/>\n<script type=\"application\/ld+json\" class=\"yoast-schema-graph\">{\"@context\":\"https:\\\/\\\/schema.org\",\"@graph\":[{\"@type\":\"WebPage\",\"@id\":\"https:\\\/\\\/site07.arn1103.uqat.ca\\\/\",\"url\":\"https:\\\/\\\/site07.arn1103.uqat.ca\\\/\",\"name\":\"Accueil - Cadeau envelopp\u00e9\",\"isPartOf\":{\"@id\":\"https:\\\/\\\/site07.arn1103.uqat.ca\\\/#website\"},\"primaryImageOfPage\":{\"@id\":\"https:\\\/\\\/site07.arn1103.uqat.ca\\\/#primaryimage\"},\"image\":{\"@id\":\"https:\\\/\\\/site07.arn1103.uqat.ca\\\/#primaryimage\"},\"thumbnailUrl\":\"https:\\\/\\\/site07.arn1103.uqat.ca\\\/wp-content\\\/uploads\\\/2023\\\/12\\\/kevs-gSMY1wNNlvY-unsplash-min-683x1024.jpg\",\"datePublished\":\"2023-12-06T23:11:47+00:00\",\"dateModified\":\"2023-12-07T00:50:30+00:00\",\"breadcrumb\":{\"@id\":\"https:\\\/\\\/site07.arn1103.uqat.ca\\\/#breadcrumb\"},\"inLanguage\":\"fr-CA\",\"potentialAction\":[{\"@type\":\"ReadAction\",\"target\":[\"https:\\\/\\\/site07.arn1103.uqat.ca\\\/\"]}]},{\"@type\":\"ImageObject\",\"inLanguage\":\"fr-CA\",\"@id\":\"https:\\\/\\\/site07.arn1103.uqat.ca\\\/#primaryimage\",\"url\":\"https:\\\/\\\/site07.arn1103.uqat.ca\\\/wp-content\\\/uploads\\\/2023\\\/12\\\/kevs-gSMY1wNNlvY-unsplash-min-scaled.jpg\",\"contentUrl\":\"https:\\\/\\\/site07.arn1103.uqat.ca\\\/wp-content\\\/uploads\\\/2023\\\/12\\\/kevs-gSMY1wNNlvY-unsplash-min-scaled.jpg\",\"width\":1707,\"height\":2560},{\"@type\":\"BreadcrumbList\",\"@id\":\"https:\\\/\\\/site07.arn1103.uqat.ca\\\/#breadcrumb\",\"itemListElement\":[{\"@type\":\"ListItem\",\"position\":1,\"name\":\"Accueil\",\"item\":\"https:\\\/\\\/site07.arn1103.uqat.ca\\\/\"},{\"@type\":\"ListItem\",\"position\":2,\"name\":\"Accueil\"}]},{\"@type\":\"WebSite\",\"@id\":\"https:\\\/\\\/site07.arn1103.uqat.ca\\\/#website\",\"url\":\"https:\\\/\\\/site07.arn1103.uqat.ca\\\/\",\"name\":\"Cadeau envelopp\u00e9\",\"description\":\"Une lettre pour combler vos proches ! \",\"publisher\":{\"@id\":\"https:\\\/\\\/site07.arn1103.uqat.ca\\\/#organization\"},\"potentialAction\":[{\"@type\":\"SearchAction\",\"target\":{\"@type\":\"EntryPoint\",\"urlTemplate\":\"https:\\\/\\\/site07.arn1103.uqat.ca\\\/?s={search_term_string}\"},\"query-input\":{\"@type\":\"PropertyValueSpecification\",\"valueRequired\":true,\"valueName\":\"search_term_string\"}}],\"inLanguage\":\"fr-CA\"},{\"@type\":\"Organization\",\"@id\":\"https:\\\/\\\/site07.arn1103.uqat.ca\\\/#organization\",\"name\":\"Cadeau envelopp\u00e9\",\"url\":\"https:\\\/\\\/site07.arn1103.uqat.ca\\\/\",\"logo\":{\"@type\":\"ImageObject\",\"inLanguage\":\"fr-CA\",\"@id\":\"https:\\\/\\\/site07.arn1103.uqat.ca\\\/#\\\/schema\\\/logo\\\/image\\\/\",\"url\":\"https:\\\/\\\/site07.arn1103.uqat.ca\\\/wp-content\\\/uploads\\\/2023\\\/11\\\/cropped-logo-de-mon-prenom.png\",\"contentUrl\":\"https:\\\/\\\/site07.arn1103.uqat.ca\\\/wp-content\\\/uploads\\\/2023\\\/11\\\/cropped-logo-de-mon-prenom.png\",\"width\":469,\"height\":250,\"caption\":\"Cadeau envelopp\u00e9\"},\"image\":{\"@id\":\"https:\\\/\\\/site07.arn1103.uqat.ca\\\/#\\\/schema\\\/logo\\\/image\\\/\"}}]}<\/script>\n<!-- \/ Yoast SEO plugin. -->","yoast_head_json":{"title":"Accueil - Cadeau envelopp\u00e9","robots":{"index":"index","follow":"follow","max-snippet":"max-snippet:-1","max-image-preview":"max-image-preview:large","max-video-preview":"max-video-preview:-1"},"canonical":"https:\/\/site07.arn1103.uqat.ca\/","og_locale":"fr_CA","og_type":"article","og_title":"Accueil - Cadeau envelopp\u00e9","og_description":"Vous recherchez \u00e0 d\u00e9voiler vos sentiments ? Rappeler de vieux souvenirs \u00e0 un proche avec nostalgie ? Adresser des v\u0153ux de mariage \u00e0 un ami de longue date ? Quelque soit le contexte ou le pr\u00e9texte, nous sommes l\u00e0 pour vous \u00e9crire une belle lettre ! En prose ou en vers, vous pourrez choisir ce &hellip; Read more \"Accueil\"","og_url":"https:\/\/site07.arn1103.uqat.ca\/","og_site_name":"Cadeau envelopp\u00e9","article_modified_time":"2023-12-07T00:50:30+00:00","og_image":[{"url":"https:\/\/site07.arn1103.uqat.ca\/wp-content\/uploads\/2023\/12\/kevs-gSMY1wNNlvY-unsplash-min-683x1024.jpg","type":"","width":"","height":""}],"twitter_card":"summary_large_image","twitter_misc":{"Estimation du temps de lecture":"1 minute"},"schema":{"@context":"https:\/\/schema.org","@graph":[{"@type":"WebPage","@id":"https:\/\/site07.arn1103.uqat.ca\/","url":"https:\/\/site07.arn1103.uqat.ca\/","name":"Accueil - Cadeau envelopp\u00e9","isPartOf":{"@id":"https:\/\/site07.arn1103.uqat.ca\/#website"},"primaryImageOfPage":{"@id":"https:\/\/site07.arn1103.uqat.ca\/#primaryimage"},"image":{"@id":"https:\/\/site07.arn1103.uqat.ca\/#primaryimage"},"thumbnailUrl":"https:\/\/site07.arn1103.uqat.ca\/wp-content\/uploads\/2023\/12\/kevs-gSMY1wNNlvY-unsplash-min-683x1024.jpg","datePublished":"2023-12-06T23:11:47+00:00","dateModified":"2023-12-07T00:50:30+00:00","breadcrumb":{"@id":"https:\/\/site07.arn1103.uqat.ca\/#breadcrumb"},"inLanguage":"fr-CA","potentialAction":[{"@type":"ReadAction","target":["https:\/\/site07.arn1103.uqat.ca\/"]}]},{"@type":"ImageObject","inLanguage":"fr-CA","@id":"https:\/\/site07.arn1103.uqat.ca\/#primaryimage","url":"https:\/\/site07.arn1103.uqat.ca\/wp-content\/uploads\/2023\/12\/kevs-gSMY1wNNlvY-unsplash-min-scaled.jpg","contentUrl":"https:\/\/site07.arn1103.uqat.ca\/wp-content\/uploads\/2023\/12\/kevs-gSMY1wNNlvY-unsplash-min-scaled.jpg","width":1707,"height":2560},{"@type":"BreadcrumbList","@id":"https:\/\/site07.arn1103.uqat.ca\/#breadcrumb","itemListElement":[{"@type":"ListItem","position":1,"name":"Accueil","item":"https:\/\/site07.arn1103.uqat.ca\/"},{"@type":"ListItem","position":2,"name":"Accueil"}]},{"@type":"WebSite","@id":"https:\/\/site07.arn1103.uqat.ca\/#website","url":"https:\/\/site07.arn1103.uqat.ca\/","name":"Cadeau envelopp\u00e9","description":"Une lettre pour combler vos proches ! ","publisher":{"@id":"https:\/\/site07.arn1103.uqat.ca\/#organization"},"potentialAction":[{"@type":"SearchAction","target":{"@type":"EntryPoint","urlTemplate":"https:\/\/site07.arn1103.uqat.ca\/?s={search_term_string}"},"query-input":{"@type":"PropertyValueSpecification","valueRequired":true,"valueName":"search_term_string"}}],"inLanguage":"fr-CA"},{"@type":"Organization","@id":"https:\/\/site07.arn1103.uqat.ca\/#organization","name":"Cadeau envelopp\u00e9","url":"https:\/\/site07.arn1103.uqat.ca\/","logo":{"@type":"ImageObject","inLanguage":"fr-CA","@id":"https:\/\/site07.arn1103.uqat.ca\/#\/schema\/logo\/image\/","url":"https:\/\/site07.arn1103.uqat.ca\/wp-content\/uploads\/2023\/11\/cropped-logo-de-mon-prenom.png","contentUrl":"https:\/\/site07.arn1103.uqat.ca\/wp-content\/uploads\/2023\/11\/cropped-logo-de-mon-prenom.png","width":469,"height":250,"caption":"Cadeau envelopp\u00e9"},"image":{"@id":"https:\/\/site07.arn1103.uqat.ca\/#\/schema\/logo\/image\/"}}]}},"_links":{"self":[{"href":"https:\/\/site07.arn1103.uqat.ca\/index.php\/wp-json\/wp\/v2\/pages\/82","targetHints":{"allow":["GET"]}}],"collection":[{"href":"https:\/\/site07.arn1103.uqat.ca\/index.php\/wp-json\/wp\/v2\/pages"}],"about":[{"href":"https:\/\/site07.arn1103.uqat.ca\/index.php\/wp-json\/wp\/v2\/types\/page"}],"author":[{"embeddable":true,"href":"https:\/\/site07.arn1103.uqat.ca\/index.php\/wp-json\/wp\/v2\/users\/1"}],"replies":[{"embeddable":true,"href":"https:\/\/site07.arn1103.uqat.ca\/index.php\/wp-json\/wp\/v2\/comments?post=82"}],"version-history":[{"count":7,"href":"https:\/\/site07.arn1103.uqat.ca\/index.php\/wp-json\/wp\/v2\/pages\/82\/revisions"}],"predecessor-version":[{"id":139,"href":"https:\/\/site07.arn1103.uqat.ca\/index.php\/wp-json\/wp\/v2\/pages\/82\/revisions\/139"}],"wp:attachment":[{"href":"https:\/\/site07.arn1103.uqat.ca\/index.php\/wp-json\/wp\/v2\/media?parent=82"}],"curies":[{"name":"wp","href":"https:\/\/api.w.org\/{rel}","templated":true}]}}